{"id":6659,"date":"2023-06-23T13:00:19","date_gmt":"2023-06-23T11:00:19","guid":{"rendered":"https:\/\/jdengineers-bw-corr-wp-prod.azurewebsites.net\/machines\/"},"modified":"2024-02-19T14:54:57","modified_gmt":"2024-02-19T13:54:57","slug":"maschinen","status":"publish","type":"page","link":"https:\/\/www.jdengineers.com\/de\/maschinen\/","title":{"rendered":"Faltschachtel-Klebemaschinen"},"content":{"rendered":"<p><div class=\"fusion-fullwidth fullwidth-box fusion-builder-row-1 fusion-flex-container has-pattern-background has-mask-background nonhundred-percent-fullwidth non-hundred-percent-height-scrolling\" style=\"--awb-border-radius-top-left:0px;--awb-border-radius-top-right:0px;--awb-border-radius-bottom-right:0px;--awb-border-radius-bottom-left:0px;--awb-padding-top:100px;--awb-padding-bottom:100px;--awb-padding-right-medium:40px;--awb-padding-left-medium:40px;--awb-padding-top-small:30px;--awb-padding-right-small:30px;--awb-padding-bottom-small:30px;--awb-padding-left-small:30px;--awb-margin-top-small:0px;--awb-background-color:var(--awb-color1);--awb-flex-wrap:wrap;\" ><div class=\"awb-background-pattern\" style=\"background-image:  url(\/wp-content\/uploads\/2023\/06\/BG-JD-Ruiten.png);opacity: 0.03 ;background-size:150%;mix-blend-mode:normal;\"><\/div><div class=\"fusion-builder-row fusion-row fusion-flex-align-items-flex-start fusion-flex-content-wrap\" style=\"max-width:1248px;margin-left: calc(-4% \/ 2 );margin-right: calc(-4% \/ 2 );\"><div class=\"fusion-layout-column fusion_builder_column fusion-builder-column-0 fusion_builder_column_3_5 3_5 fusion-flex-column fusion-flex-align-self-center\" style=\"--awb-bg-size:cover;--awb-transform:translateY(0px);--awb-transform-hover:translateY(-10px);--awb-width-large:60%;--awb-margin-top-large:0px;--awb-spacing-right-large:3.2%;--awb-margin-bottom-large:0px;--awb-spacing-left-large:3.2%;--awb-width-medium:100%;--awb-order-medium:0;--awb-spacing-right-medium:1.92%;--awb-spacing-left-medium:1.92%;--awb-width-small:100%;--awb-order-small:0;--awb-spacing-right-small:1.92%;--awb-margin-bottom-small:0px;--awb-spacing-left-small:1.92%;\" data-scroll-devices=\"small-visibility,medium-visibility,large-visibility\"><div class=\"fusion-column-wrapper fusion-column-has-shadow fusion-flex-justify-content-center fusion-content-layout-column\"><div class=\"fusion-image-element \" style=\"text-align:center;--awb-caption-title-font-family:var(--h2_typography-font-family);--awb-caption-title-font-weight:var(--h2_typography-font-weight);--awb-caption-title-font-style:var(--h2_typography-font-style);--awb-caption-title-size:var(--h2_typography-font-size);--awb-caption-title-transform:var(--h2_typography-text-transform);--awb-caption-title-line-height:var(--h2_typography-line-height);--awb-caption-title-letter-spacing:var(--h2_typography-letter-spacing);\"><span class=\" fusion-imageframe imageframe-none imageframe-1 hover-type-none\"><a class=\"fusion-no-lightbox\" href=\"\/machines\/tanabe-jd-boxr\/\" target=\"_self\" aria-label=\"BOXR-folding-machine\"><img decoding=\"async\" width=\"700\" height=\"347\" alt=\"BOXR-folding-machine\" src=\"\/wp-content\/uploads\/2023\/12\/BOXR-folding-machine.png\" class=\"img-responsive wp-image-6287\" srcset=\"\/wp-content\/uploads\/2023\/12\/BOXR-folding-machine-200x99.png 200w, \/wp-content\/uploads\/2023\/12\/BOXR-folding-machine-400x198.png 400w, \/wp-content\/uploads\/2023\/12\/BOXR-folding-machine-600x297.png 600w, \/wp-content\/uploads\/2023\/12\/BOXR-folding-machine.png 700w\" sizes=\"(max-width: 700px) 100vw, 700px\" \/><\/a><\/span><\/div><\/div><\/div><div class=\"fusion-layout-column fusion_builder_column fusion-builder-column-1 fusion_builder_column_2_5 2_5 fusion-flex-column fusion-flex-align-self-center\" style=\"--awb-padding-top:60px;--awb-padding-bottom:60px;--awb-padding-top-small:20px;--awb-bg-size:cover;--awb-width-large:40%;--awb-margin-top-large:0px;--awb-spacing-right-large:4.8%;--awb-margin-bottom-large:0px;--awb-spacing-left-large:4.8%;--awb-width-medium:100%;--awb-order-medium:0;--awb-spacing-right-medium:1.92%;--awb-spacing-left-medium:1.92%;--awb-width-small:100%;--awb-order-small:0;--awb-spacing-right-small:1.92%;--awb-spacing-left-small:1.92%;\" data-scroll-devices=\"small-visibility,medium-visibility,large-visibility\"><div class=\"fusion-column-wrapper fusion-column-has-shadow fusion-flex-justify-content-flex-start fusion-content-layout-column\"><div class=\"fusion-title title fusion-title-1 fusion-sep-none fusion-title-text fusion-title-size-three\" style=\"--awb-text-color:var(--awb-color8);--awb-margin-top:0px;\"><h3 class=\"fusion-title-heading title-heading-left\" style=\"margin:0;\"><p>JD <strong>BOXR<br \/>\n<\/strong><\/p><\/h3><\/div><div class=\"fusion-text fusion-text-1 fusion-text-no-margin\" style=\"--awb-font-size:var(--awb-typography4-font-size);--awb-line-height:var(--awb-typography4-line-height);--awb-letter-spacing:var(--awb-typography4-letter-spacing);--awb-text-transform:var(--awb-typography4-text-transform);--awb-text-color:var(--awb-color8);--awb-margin-bottom:0px;--awb-text-font-family:var(--awb-typography4-font-family);--awb-text-font-weight:var(--awb-typography4-font-weight);--awb-text-font-style:var(--awb-typography4-font-style);\"><p>Erleben Sie die neueste Technologie f\u00fcr Faltschachteln im gro\u00dfen Ma\u00dfstab mit der <a href=\"\/machines\/tanabe-jd-boxr\/\">Tanabe JD BOXR<\/a>, einer von JD Engineers in den Niederlanden perfekt gefertigten Maschine.<\/p>\n<\/div><div style=\"text-align:left;\"><a class=\"fusion-button button-flat fusion-button-default-size button-custom fusion-button-default button-1 fusion-button-default-span \" style=\"--button_bevel_color:var(--awb-color4);--button_bevel_color_hover:var(--awb-color4);--button_accent_color:var(--awb-color8);--button_border_color:var(--awb-color8);--button_accent_hover_color:var(--awb-color8);--button_border_hover_color:var(--awb-color8);--button_border_width-top:2px;--button_border_width-right:2px;--button_border_width-bottom:2px;--button_border_width-left:2px;--button_gradient_top_color:rgba(237,107,23,0);--button_gradient_bottom_color:rgba(237,107,23,0);--button_gradient_top_color_hover:rgba(237,107,23,0);--button_gradient_bottom_color_hover:rgba(237,107,23,0);--button_margin-top:20px;\" target=\"_self\" data-hover=\"text_slide_up\" title=\"mehr Informationen\" aria-label=\"mehr Informationen\" href=\"\/machines\/tanabe-jd-boxr\/\"><i class=\"fa-angle-right fas awb-button__icon awb-button__icon--default button-icon-left\" aria-hidden=\"true\"><\/i><div class=\"awb-button-text-transition \"><span class=\"fusion-button-text awb-button__text awb-button__text--default\">mehr Informationen<\/span><span class=\"fusion-button-text awb-button__text awb-button__text--default\">mehr Informationen<\/span><\/div><\/a><\/div><\/div><\/div><div class=\"fusion-layout-column fusion_builder_column fusion-builder-column-2 fusion_builder_column_2_5 2_5 fusion-flex-column fusion-flex-align-self-center fusion-no-small-visibility fusion-no-medium-visibility\" style=\"--awb-padding-top:60px;--awb-padding-bottom:60px;--awb-bg-size:cover;--awb-width-large:40%;--awb-margin-top-large:0px;--awb-spacing-right-large:4.8%;--awb-margin-bottom-large:0px;--awb-spacing-left-large:4.8%;--awb-width-medium:40%;--awb-order-medium:0;--awb-spacing-right-medium:4.8%;--awb-spacing-left-medium:4.8%;--awb-width-small:100%;--awb-order-small:0;--awb-spacing-right-small:1.92%;--awb-spacing-left-small:1.92%;\" data-scroll-devices=\"small-visibility,medium-visibility,large-visibility\"><div class=\"fusion-column-wrapper fusion-column-has-shadow fusion-flex-justify-content-center fusion-content-layout-column\"><div class=\"fusion-title title fusion-title-2 fusion-sep-none fusion-title-text fusion-title-size-three\" style=\"--awb-text-color:var(--awb-color8);--awb-margin-top:0px;\"><h3 class=\"fusion-title-heading title-heading-left\" style=\"margin:0;\">JD <strong>ERSX<\/strong><\/h3><\/div><div class=\"fusion-text fusion-text-2 fusion-text-no-margin\" style=\"--awb-font-size:var(--awb-typography4-font-size);--awb-line-height:var(--awb-typography4-line-height);--awb-letter-spacing:var(--awb-typography4-letter-spacing);--awb-text-transform:var(--awb-typography4-text-transform);--awb-text-color:var(--awb-color8);--awb-margin-bottom:0px;--awb-text-font-family:var(--awb-typography4-font-family);--awb-text-font-weight:var(--awb-typography4-font-weight);--awb-text-font-style:var(--awb-typography4-font-style);\"><p>Finden Sie heraus, wie die <a href=\"\/machines\/jd-ersx\/\">Retrofit-L\u00f6sungen von JD Engineers<\/a> Ihren vorhandenen Maschinen neues Leben einhauchen, ihre Lebensdauer verl\u00e4ngern und die Kosten erheblich senken k\u00f6nnen.<\/p>\n<\/div><div style=\"text-align:left;\"><a class=\"fusion-button button-flat fusion-button-default-size button-custom fusion-button-default button-2 fusion-button-default-span \" style=\"--button_bevel_color:var(--awb-color4);--button_bevel_color_hover:var(--awb-color4);--button_accent_color:var(--awb-color8);--button_border_color:var(--awb-color8);--button_accent_hover_color:var(--awb-color8);--button_border_hover_color:var(--awb-color8);--button_border_width-top:2px;--button_border_width-right:2px;--button_border_width-bottom:2px;--button_border_width-left:2px;--button_gradient_top_color:rgba(237,107,23,0);--button_gradient_bottom_color:rgba(237,107,23,0);--button_gradient_top_color_hover:rgba(237,107,23,0);--button_gradient_bottom_color_hover:rgba(237,107,23,0);--button_margin-top:20px;\" target=\"_self\" data-hover=\"text_slide_up\" title=\"mehr Informationen\" aria-label=\"mehr Informationen\" href=\"\/machines\/jd-ersx\/\"><i class=\"fa-angle-right fas awb-button__icon awb-button__icon--default button-icon-left\" aria-hidden=\"true\"><\/i><div class=\"awb-button-text-transition \"><span class=\"fusion-button-text awb-button__text awb-button__text--default\">mehr Informationen<\/span><span class=\"fusion-button-text awb-button__text awb-button__text--default\">mehr Informationen<\/span><\/div><\/a><\/div><\/div><\/div><div class=\"fusion-layout-column fusion_builder_column fusion-builder-column-3 fusion_builder_column_3_5 3_5 fusion-flex-column fusion-flex-align-self-center\" style=\"--awb-bg-size:cover;--awb-transform:translateY(0px);--awb-transform-hover:translateY(-10px);--awb-width-large:60%;--awb-margin-top-large:0px;--awb-spacing-right-large:3.2%;--awb-margin-bottom-large:0px;--awb-spacing-left-large:3.2%;--awb-width-medium:100%;--awb-order-medium:0;--awb-spacing-right-medium:1.92%;--awb-spacing-left-medium:1.92%;--awb-width-small:100%;--awb-order-small:0;--awb-spacing-right-small:1.92%;--awb-spacing-left-small:1.92%;\" data-scroll-devices=\"small-visibility,medium-visibility,large-visibility\"><div class=\"fusion-column-wrapper fusion-column-has-shadow fusion-flex-justify-content-center fusion-content-layout-column\"><div class=\"fusion-image-element \" style=\"--awb-caption-title-font-family:var(--h2_typography-font-family);--awb-caption-title-font-weight:var(--h2_typography-font-weight);--awb-caption-title-font-style:var(--h2_typography-font-style);--awb-caption-title-size:var(--h2_typography-font-size);--awb-caption-title-transform:var(--h2_typography-text-transform);--awb-caption-title-line-height:var(--h2_typography-line-height);--awb-caption-title-letter-spacing:var(--h2_typography-letter-spacing);\"><span class=\" fusion-imageframe imageframe-none imageframe-2 hover-type-none\"><a class=\"fusion-no-lightbox\" href=\"\/machines\/jd-ersx\/\" target=\"_self\" aria-label=\"ERSX-retrofit-machine\"><img decoding=\"async\" width=\"700\" height=\"347\" alt=\"ERSX-retrofit-machine\" src=\"\/wp-content\/uploads\/2023\/12\/ERSX-retrofit-machine.png\" class=\"img-responsive wp-image-6283\" srcset=\"\/wp-content\/uploads\/2023\/12\/ERSX-retrofit-machine-200x99.png 200w, \/wp-content\/uploads\/2023\/12\/ERSX-retrofit-machine-400x198.png 400w, \/wp-content\/uploads\/2023\/12\/ERSX-retrofit-machine-600x297.png 600w, \/wp-content\/uploads\/2023\/12\/ERSX-retrofit-machine.png 700w\" sizes=\"(max-width: 700px) 100vw, 700px\" \/><\/a><\/span><\/div><\/div><\/div><div class=\"fusion-layout-column fusion_builder_column fusion-builder-column-4 fusion_builder_column_2_5 2_5 fusion-flex-column fusion-flex-align-self-center fusion-no-large-visibility\" style=\"--awb-padding-top:60px;--awb-padding-bottom:60px;--awb-padding-top-small:20px;--awb-bg-size:cover;--awb-width-large:40%;--awb-margin-top-large:0px;--awb-spacing-right-large:4.8%;--awb-margin-bottom-large:0px;--awb-spacing-left-large:4.8%;--awb-width-medium:100%;--awb-order-medium:0;--awb-spacing-right-medium:1.92%;--awb-spacing-left-medium:1.92%;--awb-width-small:100%;--awb-order-small:0;--awb-spacing-right-small:1.92%;--awb-spacing-left-small:1.92%;\" data-scroll-devices=\"small-visibility,medium-visibility,large-visibility\"><div class=\"fusion-column-wrapper fusion-column-has-shadow fusion-flex-justify-content-flex-start fusion-content-layout-column\"><div class=\"fusion-title title fusion-title-3 fusion-sep-none fusion-title-text fusion-title-size-three\" style=\"--awb-text-color:var(--awb-color8);--awb-margin-top:0px;\"><h3 class=\"fusion-title-heading title-heading-left\" style=\"margin:0;\">JD <strong>ERSX<\/strong><\/h3><\/div><div class=\"fusion-text fusion-text-3 fusion-text-no-margin\" style=\"--awb-font-size:var(--awb-typography4-font-size);--awb-line-height:var(--awb-typography4-line-height);--awb-letter-spacing:var(--awb-typography4-letter-spacing);--awb-text-transform:var(--awb-typography4-text-transform);--awb-text-color:var(--awb-color8);--awb-margin-bottom:0px;--awb-text-font-family:var(--awb-typography4-font-family);--awb-text-font-weight:var(--awb-typography4-font-weight);--awb-text-font-style:var(--awb-typography4-font-style);\"><p>Finden Sie heraus, wie die <a href=\"\/machines\/jd-ersx\/\">Retrofit-L\u00f6sungen von JD Engineers<\/a> Ihren vorhandenen Maschinen neues Leben einhauchen, ihre Lebensdauer verl\u00e4ngern und die Kosten erheblich senken k\u00f6nnen.<\/p>\n<\/div><div style=\"text-align:left;\"><a class=\"fusion-button button-flat fusion-button-default-size button-custom fusion-button-default button-3 fusion-button-default-span \" style=\"--button_bevel_color:var(--awb-color4);--button_bevel_color_hover:var(--awb-color4);--button_accent_color:var(--awb-color8);--button_border_color:var(--awb-color8);--button_accent_hover_color:var(--awb-color8);--button_border_hover_color:var(--awb-color8);--button_border_width-top:2px;--button_border_width-right:2px;--button_border_width-bottom:2px;--button_border_width-left:2px;--button_gradient_top_color:rgba(237,107,23,0);--button_gradient_bottom_color:rgba(237,107,23,0);--button_gradient_top_color_hover:rgba(237,107,23,0);--button_gradient_bottom_color_hover:rgba(237,107,23,0);--button_margin-top:20px;\" target=\"_self\" data-hover=\"text_slide_up\" title=\"mehr Informationen\" aria-label=\"mehr Informationen\" href=\"\/machines\/jd-ersx\/\"><i class=\"fa-angle-right fas awb-button__icon awb-button__icon--default button-icon-left\" aria-hidden=\"true\"><\/i><div class=\"awb-button-text-transition \"><span class=\"fusion-button-text awb-button__text awb-button__text--default\">mehr Informationen<\/span><span class=\"fusion-button-text awb-button__text awb-button__text--default\">mehr Informationen<\/span><\/div><\/a><\/div><\/div><\/div><\/div><\/div>\n<div class=\"fusion-fullwidth fullwidth-box fusion-builder-row-2 fusion-flex-container has-pattern-background has-mask-background nonhundred-percent-fullwidth non-hundred-percent-height-scrolling\" style=\"--awb-border-radius-top-left:0px;--awb-border-radius-top-right:0px;--awb-border-radius-bottom-right:0px;--awb-border-radius-bottom-left:0px;--awb-margin-top:25px;--awb-margin-bottom:25px;--awb-flex-wrap:wrap;\" ><div class=\"fusion-builder-row fusion-row fusion-flex-align-items-flex-start fusion-flex-content-wrap\" style=\"max-width:1248px;margin-left: calc(-4% \/ 2 );margin-right: calc(-4% \/ 2 );\"><div class=\"fusion-layout-column fusion_builder_column fusion-builder-column-5 fusion_builder_column_1_1 1_1 fusion-flex-column\" style=\"--awb-bg-size:cover;--awb-width-large:100%;--awb-margin-top-large:0px;--awb-spacing-right-large:1.92%;--awb-margin-bottom-large:20px;--awb-spacing-left-large:1.92%;--awb-width-medium:100%;--awb-order-medium:0;--awb-spacing-right-medium:1.92%;--awb-spacing-left-medium:1.92%;--awb-width-small:100%;--awb-order-small:0;--awb-spacing-right-small:1.92%;--awb-spacing-left-small:1.92%;\"><div class=\"fusion-column-wrapper fusion-column-has-shadow fusion-flex-justify-content-flex-start fusion-content-layout-column\"><\/div><\/div><\/div><\/div><\/p>\n","protected":false},"excerpt":{"rendered":"","protected":false},"author":3,"featured_media":7285,"parent":0,"menu_order":0,"comment_status":"closed","ping_status":"closed","template":"100-width.php","meta":{"footnotes":""},"class_list":["post-6659","page","type-page","status-publish","has-post-thumbnail","hentry"],"yoast_head":"<!-- This site is optimized with the Yoast SEO plugin v27.1.1 - https:\/\/yoast.com\/product\/yoast-seo-wordpress\/ -->\n<title>Faltschachtelklebemaschine | JD Engineers<\/title>\n<meta name=\"description\" content=\"Faltschachtel-Klebemaschinen | JD Engineers hat sich als zuverl\u00e4ssiges, innovatives und dynamisches Unternehmen in der Wellpappen- und Vollpappenindustrie etabliert.\" \/>\n<meta name=\"robots\" content=\"index, follow, max-snippet:-1, max-image-preview:large, max-video-preview:-1\" \/>\n<link rel=\"canonical\" href=\"https:\/\/www.jdengineers.com\/de\/maschinen\/\" \/>\n<meta property=\"og:locale\" content=\"de_DE\" \/>\n<meta property=\"og:type\" content=\"article\" \/>\n<meta property=\"og:title\" content=\"Faltschachtelklebemaschine | JD Engineers\" \/>\n<meta property=\"og:description\" content=\"Faltschachtel-Klebemaschinen | JD Engineers hat sich als zuverl\u00e4ssiges, innovatives und dynamisches Unternehmen in der Wellpappen- und Vollpappenindustrie etabliert.\" \/>\n<meta property=\"og:url\" content=\"https:\/\/www.jdengineers.com\/de\/maschinen\/\" \/>\n<meta property=\"og:site_name\" content=\"JD Engineers\" \/>\n<meta property=\"article:publisher\" content=\"https:\/\/www.facebook.com\/jdengineers.nl\" \/>\n<meta property=\"article:modified_time\" content=\"2024-02-19T13:54:57+00:00\" \/>\n<meta property=\"og:image\" content=\"https:\/\/www.jdengineers.com\/wp-content\/uploads\/2024\/02\/Faltschachtelklebemaschinen.jpg\" \/>\n\t<meta property=\"og:image:width\" content=\"1920\" \/>\n\t<meta property=\"og:image:height\" content=\"694\" \/>\n\t<meta property=\"og:image:type\" content=\"image\/jpeg\" \/>\n<meta name=\"twitter:card\" content=\"summary_large_image\" \/>\n<meta name=\"twitter:site\" content=\"@JD_Engineers\" \/>\n<meta name=\"twitter:label1\" content=\"Gesch\u00e4tzte Lesezeit\" \/>\n\t<meta name=\"twitter:data1\" content=\"1\u00a0Minute\" \/>\n<script type=\"application\/ld+json\" class=\"yoast-schema-graph\">{\"@context\":\"https:\/\/schema.org\",\"@graph\":[{\"@type\":\"WebPage\",\"@id\":\"https:\/\/www.jdengineers.com\/de\/maschinen\/\",\"url\":\"https:\/\/www.jdengineers.com\/de\/maschinen\/\",\"name\":\"Faltschachtelklebemaschine | JD Engineers\",\"isPartOf\":{\"@id\":\"https:\/\/www.jdengineers.com\/de\/#website\"},\"primaryImageOfPage\":{\"@id\":\"https:\/\/www.jdengineers.com\/de\/maschinen\/#primaryimage\"},\"image\":{\"@id\":\"https:\/\/www.jdengineers.com\/de\/maschinen\/#primaryimage\"},\"thumbnailUrl\":\"\/wp-content\/uploads\/2024\/02\/Faltschachtelklebemaschinen.jpg\",\"datePublished\":\"2023-06-23T11:00:19+00:00\",\"dateModified\":\"2024-02-19T13:54:57+00:00\",\"description\":\"Faltschachtel-Klebemaschinen | JD Engineers hat sich als zuverl\u00e4ssiges, innovatives und dynamisches Unternehmen in der Wellpappen- und Vollpappenindustrie etabliert.\",\"breadcrumb\":{\"@id\":\"https:\/\/www.jdengineers.com\/de\/maschinen\/#breadcrumb\"},\"inLanguage\":\"de\",\"potentialAction\":[{\"@type\":\"ReadAction\",\"target\":[\"https:\/\/www.jdengineers.com\/de\/maschinen\/\"]}]},{\"@type\":\"ImageObject\",\"inLanguage\":\"de\",\"@id\":\"https:\/\/www.jdengineers.com\/de\/maschinen\/#primaryimage\",\"url\":\"\/wp-content\/uploads\/2024\/02\/Faltschachtelklebemaschinen.jpg\",\"contentUrl\":\"\/wp-content\/uploads\/2024\/02\/Faltschachtelklebemaschinen.jpg\",\"width\":1920,\"height\":694,\"caption\":\"Faltschachtelklebemaschinen\"},{\"@type\":\"BreadcrumbList\",\"@id\":\"https:\/\/www.jdengineers.com\/de\/maschinen\/#breadcrumb\",\"itemListElement\":[{\"@type\":\"ListItem\",\"position\":1,\"name\":\"Home\",\"item\":\"https:\/\/www.jdengineers.com\/de\/\"},{\"@type\":\"ListItem\",\"position\":2,\"name\":\"Faltschachtel-Klebemaschinen\"}]},{\"@type\":\"WebSite\",\"@id\":\"https:\/\/www.jdengineers.com\/de\/#website\",\"url\":\"https:\/\/www.jdengineers.com\/de\/\",\"name\":\"JD Engineers\",\"description\":\"Safe with saving power\",\"publisher\":{\"@id\":\"https:\/\/www.jdengineers.com\/de\/#organization\"},\"potentialAction\":[{\"@type\":\"SearchAction\",\"target\":{\"@type\":\"EntryPoint\",\"urlTemplate\":\"https:\/\/www.jdengineers.com\/de\/?s={search_term_string}\"},\"query-input\":{\"@type\":\"PropertyValueSpecification\",\"valueRequired\":true,\"valueName\":\"search_term_string\"}}],\"inLanguage\":\"de\"},{\"@type\":\"Organization\",\"@id\":\"https:\/\/www.jdengineers.com\/de\/#organization\",\"name\":\"JD Engineers B.V.\",\"url\":\"https:\/\/www.jdengineers.com\/de\/\",\"logo\":{\"@type\":\"ImageObject\",\"inLanguage\":\"de\",\"@id\":\"https:\/\/www.jdengineers.com\/de\/#\/schema\/logo\/image\/\",\"url\":\"\/wp-content\/uploads\/2022\/07\/JD-LOGO.png\",\"contentUrl\":\"\/wp-content\/uploads\/2022\/07\/JD-LOGO.png\",\"width\":1920,\"height\":485,\"caption\":\"JD Engineers B.V.\"},\"image\":{\"@id\":\"https:\/\/www.jdengineers.com\/de\/#\/schema\/logo\/image\/\"},\"sameAs\":[\"https:\/\/www.facebook.com\/jdengineers.nl\",\"https:\/\/x.com\/JD_Engineers\",\"https:\/\/www.linkedin.com\/company\/jdengineers-b.v.\",\"https:\/\/www.youtube.com\/@jdengineersb.v.4087\"]}]}<\/script>\n<!-- \/ Yoast SEO plugin. -->","yoast_head_json":{"title":"Faltschachtelklebemaschine | JD Engineers","description":"Faltschachtel-Klebemaschinen | JD Engineers hat sich als zuverl\u00e4ssiges, innovatives und dynamisches Unternehmen in der Wellpappen- und Vollpappenindustrie etabliert.","robots":{"index":"index","follow":"follow","max-snippet":"max-snippet:-1","max-image-preview":"max-image-preview:large","max-video-preview":"max-video-preview:-1"},"canonical":"https:\/\/www.jdengineers.com\/de\/maschinen\/","og_locale":"de_DE","og_type":"article","og_title":"Faltschachtelklebemaschine | JD Engineers","og_description":"Faltschachtel-Klebemaschinen | JD Engineers hat sich als zuverl\u00e4ssiges, innovatives und dynamisches Unternehmen in der Wellpappen- und Vollpappenindustrie etabliert.","og_url":"https:\/\/www.jdengineers.com\/de\/maschinen\/","og_site_name":"JD Engineers","article_publisher":"https:\/\/www.facebook.com\/jdengineers.nl","article_modified_time":"2024-02-19T13:54:57+00:00","og_image":[{"width":1920,"height":694,"url":"https:\/\/www.jdengineers.com\/wp-content\/uploads\/2024\/02\/Faltschachtelklebemaschinen.jpg","type":"image\/jpeg"}],"twitter_card":"summary_large_image","twitter_site":"@JD_Engineers","twitter_misc":{"Gesch\u00e4tzte Lesezeit":"1\u00a0Minute"},"schema":{"@context":"https:\/\/schema.org","@graph":[{"@type":"WebPage","@id":"https:\/\/www.jdengineers.com\/de\/maschinen\/","url":"https:\/\/www.jdengineers.com\/de\/maschinen\/","name":"Faltschachtelklebemaschine | JD Engineers","isPartOf":{"@id":"https:\/\/www.jdengineers.com\/de\/#website"},"primaryImageOfPage":{"@id":"https:\/\/www.jdengineers.com\/de\/maschinen\/#primaryimage"},"image":{"@id":"https:\/\/www.jdengineers.com\/de\/maschinen\/#primaryimage"},"thumbnailUrl":"\/wp-content\/uploads\/2024\/02\/Faltschachtelklebemaschinen.jpg","datePublished":"2023-06-23T11:00:19+00:00","dateModified":"2024-02-19T13:54:57+00:00","description":"Faltschachtel-Klebemaschinen | JD Engineers hat sich als zuverl\u00e4ssiges, innovatives und dynamisches Unternehmen in der Wellpappen- und Vollpappenindustrie etabliert.","breadcrumb":{"@id":"https:\/\/www.jdengineers.com\/de\/maschinen\/#breadcrumb"},"inLanguage":"de","potentialAction":[{"@type":"ReadAction","target":["https:\/\/www.jdengineers.com\/de\/maschinen\/"]}]},{"@type":"ImageObject","inLanguage":"de","@id":"https:\/\/www.jdengineers.com\/de\/maschinen\/#primaryimage","url":"\/wp-content\/uploads\/2024\/02\/Faltschachtelklebemaschinen.jpg","contentUrl":"\/wp-content\/uploads\/2024\/02\/Faltschachtelklebemaschinen.jpg","width":1920,"height":694,"caption":"Faltschachtelklebemaschinen"},{"@type":"BreadcrumbList","@id":"https:\/\/www.jdengineers.com\/de\/maschinen\/#breadcrumb","itemListElement":[{"@type":"ListItem","position":1,"name":"Home","item":"https:\/\/www.jdengineers.com\/de\/"},{"@type":"ListItem","position":2,"name":"Faltschachtel-Klebemaschinen"}]},{"@type":"WebSite","@id":"https:\/\/www.jdengineers.com\/de\/#website","url":"https:\/\/www.jdengineers.com\/de\/","name":"JD Engineers","description":"Safe with saving power","publisher":{"@id":"https:\/\/www.jdengineers.com\/de\/#organization"},"potentialAction":[{"@type":"SearchAction","target":{"@type":"EntryPoint","urlTemplate":"https:\/\/www.jdengineers.com\/de\/?s={search_term_string}"},"query-input":{"@type":"PropertyValueSpecification","valueRequired":true,"valueName":"search_term_string"}}],"inLanguage":"de"},{"@type":"Organization","@id":"https:\/\/www.jdengineers.com\/de\/#organization","name":"JD Engineers B.V.","url":"https:\/\/www.jdengineers.com\/de\/","logo":{"@type":"ImageObject","inLanguage":"de","@id":"https:\/\/www.jdengineers.com\/de\/#\/schema\/logo\/image\/","url":"\/wp-content\/uploads\/2022\/07\/JD-LOGO.png","contentUrl":"\/wp-content\/uploads\/2022\/07\/JD-LOGO.png","width":1920,"height":485,"caption":"JD Engineers B.V."},"image":{"@id":"https:\/\/www.jdengineers.com\/de\/#\/schema\/logo\/image\/"},"sameAs":["https:\/\/www.facebook.com\/jdengineers.nl","https:\/\/x.com\/JD_Engineers","https:\/\/www.linkedin.com\/company\/jdengineers-b.v.","https:\/\/www.youtube.com\/@jdengineersb.v.4087"]}]}},"_links":{"self":[{"href":"https:\/\/www.jdengineers.com\/de\/wp-json\/wp\/v2\/pages\/6659","targetHints":{"allow":["GET"]}}],"collection":[{"href":"https:\/\/www.jdengineers.com\/de\/wp-json\/wp\/v2\/pages"}],"about":[{"href":"https:\/\/www.jdengineers.com\/de\/wp-json\/wp\/v2\/types\/page"}],"author":[{"embeddable":true,"href":"https:\/\/www.jdengineers.com\/de\/wp-json\/wp\/v2\/users\/3"}],"replies":[{"embeddable":true,"href":"https:\/\/www.jdengineers.com\/de\/wp-json\/wp\/v2\/comments?post=6659"}],"version-history":[{"count":0,"href":"https:\/\/www.jdengineers.com\/de\/wp-json\/wp\/v2\/pages\/6659\/revisions"}],"wp:featuredmedia":[{"embeddable":true,"href":"https:\/\/www.jdengineers.com\/de\/wp-json\/wp\/v2\/media\/7285"}],"wp:attachment":[{"href":"https:\/\/www.jdengineers.com\/de\/wp-json\/wp\/v2\/media?parent=6659"}],"curies":[{"name":"wp","href":"https:\/\/api.w.org\/{rel}","templated":true}]}}